{"id":2284,"date":"2024-01-16T17:56:34","date_gmt":"2024-01-16T16:56:34","guid":{"rendered":"https:\/\/www.agecso.com\/wp\/?page_id=2284"},"modified":"2025-12-16T22:32:40","modified_gmt":"2025-12-16T21:32:40","slug":"mentions-legales","status":"publish","type":"page","link":"https:\/\/www.agecso.com\/wp\/mentions-legales\/","title":{"rendered":"Mentions l\u00e9gales"},"content":{"rendered":"<p><strong>AGECSO<\/strong><\/p>\n<p><strong>Coordonn\u00e9es :<\/strong><\/p>\n<p><strong>Adresse :<\/strong><\/p>\n<p>AGECSO, Evelyne Rouby,<br \/>\nCampus Saint-Jean d\u2019Ang\u00e9ly,<br \/>\nrue du 22\u00e8me B.C.A. EUR ELMI,<br \/>\n06 300 Nice<\/p>\n<p>T\u00e9l\u00e9phone : +33 4 89 15 20 50<br \/>\nFax+33 4 93 65 37 98<br \/>\nAdresse mail : contact@agecso.com<br \/>\nSite Internet : https:\/\/www.agecso.com<br \/>\nResponsable \u00e9ditorial du site\u00a0: Evelyne Rouby<\/p>\n<p><strong>Netiquette :<\/strong><\/p>\n<p>AGECSO s\u2019engage \u00e0 ne communiquer \u00e0 aucun tiers les informations collect\u00e9es sur ce site.<\/p>\n<p>Ce site utilise des cookies \u00e0 des fins statistiques non commerciales, en conformit\u00e9 avec la r\u00e8glementation de la CNIL (<a href=\"https:\/\/netopen.fr\/donnees-personnelles\/\">en savoir plus sur la gestion de mes donn\u00e9es personnelles<\/a>).<\/p>\n<p><strong>Liens hypertextes :<\/strong><\/p>\n<p>Les liens hypertextes \u00e9tablis en direction d\u2019autres sites \u00e0 partir de https:\/\/www.agecso.fr ne sauraient, en aucun cas, engager la responsabilit\u00e9 d\u2019AGECSO.<\/p>\n<p><strong>Droits d\u2019auteurs :<\/strong><\/p>\n<p>La reproduction ou repr\u00e9sentation, int\u00e9grale ou partielle, des pages, des donn\u00e9es et de tout autre \u00e9l\u00e9ment constitutif au site, par quelque proc\u00e9d\u00e9 ou support que ce soit, est interdite et constitue, sans autorisation dAGECSO, une contrefa\u00e7on.<\/p>\n<p><strong>Informations Techniques :<\/strong><\/p>\n<p>Conception et r\u00e9alisation : AGECSO<\/p>\n<p>Ce site est propuls\u00e9 par WordPress.<\/p>\n<p>H\u00e9bergement du site\u00a0: GANDI SAS<\/p>\n","protected":false},"excerpt":{"rendered":"<p>AGECSO Coordonn\u00e9es : Adresse : AGECSO, Evelyne Rouby, Campus Saint-Jean [&hellip;]<\/p>\n","protected":false},"author":372,"featured_media":0,"parent":0,"menu_order":0,"comment_status":"closed","ping_status":"closed","template":"","meta":{"footnotes":""},"yoast_head":"<!-- This site is optimized with the Yoast SEO plugin v21.5 - https:\/\/yoast.com\/wordpress\/plugins\/seo\/ -->\n<title>Mentions l\u00e9gales - AGeCSO<\/title>\n<meta name=\"robots\" content=\"index, follow, max-snippet:-1, max-image-preview:large, max-video-preview:-1\" \/>\n<link rel=\"canonical\" href=\"https:\/\/www.agecso.com\/wp\/mentions-legales\/\" \/>\n<meta property=\"og:locale\" content=\"fr_FR\" \/>\n<meta property=\"og:type\" content=\"article\" \/>\n<meta property=\"og:title\" content=\"Mentions l\u00e9gales - AGeCSO\" \/>\n<meta property=\"og:description\" content=\"AGECSO Coordonn\u00e9es : Adresse : AGECSO, Evelyne Rouby, Campus Saint-Jean [&hellip;]\" \/>\n<meta property=\"og:url\" content=\"https:\/\/www.agecso.com\/wp\/mentions-legales\/\" \/>\n<meta property=\"og:site_name\" content=\"AGeCSO\" \/>\n<meta property=\"article:modified_time\" content=\"2025-12-16T21:32:40+00:00\" \/>\n<meta name=\"twitter:card\" content=\"summary_large_image\" \/>\n<meta name=\"twitter:label1\" content=\"Dur\u00e9e de lecture estim\u00e9e\" \/>\n\t<meta name=\"twitter:data1\" content=\"1 minute\" \/>\n<script type=\"application\/ld+json\" class=\"yoast-schema-graph\">{\"@context\":\"https:\/\/schema.org\",\"@graph\":[{\"@type\":\"WebPage\",\"@id\":\"https:\/\/www.agecso.com\/wp\/mentions-legales\/\",\"url\":\"https:\/\/www.agecso.com\/wp\/mentions-legales\/\",\"name\":\"Mentions l\u00e9gales - AGeCSO\",\"isPartOf\":{\"@id\":\"https:\/\/www.agecso.com\/wp\/#website\"},\"datePublished\":\"2024-01-16T16:56:34+00:00\",\"dateModified\":\"2025-12-16T21:32:40+00:00\",\"breadcrumb\":{\"@id\":\"https:\/\/www.agecso.com\/wp\/mentions-legales\/#breadcrumb\"},\"inLanguage\":\"fr-FR\",\"potentialAction\":[{\"@type\":\"ReadAction\",\"target\":[\"https:\/\/www.agecso.com\/wp\/mentions-legales\/\"]}]},{\"@type\":\"BreadcrumbList\",\"@id\":\"https:\/\/www.agecso.com\/wp\/mentions-legales\/#breadcrumb\",\"itemListElement\":[{\"@type\":\"ListItem\",\"position\":1,\"name\":\"Accueil\",\"item\":\"https:\/\/www.agecso.com\/wp\/\"},{\"@type\":\"ListItem\",\"position\":2,\"name\":\"Mentions l\u00e9gales\"}]},{\"@type\":\"WebSite\",\"@id\":\"https:\/\/www.agecso.com\/wp\/#website\",\"url\":\"https:\/\/www.agecso.com\/wp\/\",\"name\":\"AGeCSO\",\"description\":\"Association pour la gestion des connaissances dans la soci\u00e9t\u00e9 et les organisations\",\"potentialAction\":[{\"@type\":\"SearchAction\",\"target\":{\"@type\":\"EntryPoint\",\"urlTemplate\":\"https:\/\/www.agecso.com\/wp\/?s={search_term_string}\"},\"query-input\":\"required name=search_term_string\"}],\"inLanguage\":\"fr-FR\"}]}<\/script>\n<!-- \/ Yoast SEO plugin. -->","yoast_head_json":{"title":"Mentions l\u00e9gales - AGeCSO","robots":{"index":"index","follow":"follow","max-snippet":"max-snippet:-1","max-image-preview":"max-image-preview:large","max-video-preview":"max-video-preview:-1"},"canonical":"https:\/\/www.agecso.com\/wp\/mentions-legales\/","og_locale":"fr_FR","og_type":"article","og_title":"Mentions l\u00e9gales - AGeCSO","og_description":"AGECSO Coordonn\u00e9es : Adresse : AGECSO, Evelyne Rouby, Campus Saint-Jean [&hellip;]","og_url":"https:\/\/www.agecso.com\/wp\/mentions-legales\/","og_site_name":"AGeCSO","article_modified_time":"2025-12-16T21:32:40+00:00","twitter_card":"summary_large_image","twitter_misc":{"Dur\u00e9e de lecture estim\u00e9e":"1 minute"},"schema":{"@context":"https:\/\/schema.org","@graph":[{"@type":"WebPage","@id":"https:\/\/www.agecso.com\/wp\/mentions-legales\/","url":"https:\/\/www.agecso.com\/wp\/mentions-legales\/","name":"Mentions l\u00e9gales - AGeCSO","isPartOf":{"@id":"https:\/\/www.agecso.com\/wp\/#website"},"datePublished":"2024-01-16T16:56:34+00:00","dateModified":"2025-12-16T21:32:40+00:00","breadcrumb":{"@id":"https:\/\/www.agecso.com\/wp\/mentions-legales\/#breadcrumb"},"inLanguage":"fr-FR","potentialAction":[{"@type":"ReadAction","target":["https:\/\/www.agecso.com\/wp\/mentions-legales\/"]}]},{"@type":"BreadcrumbList","@id":"https:\/\/www.agecso.com\/wp\/mentions-legales\/#breadcrumb","itemListElement":[{"@type":"ListItem","position":1,"name":"Accueil","item":"https:\/\/www.agecso.com\/wp\/"},{"@type":"ListItem","position":2,"name":"Mentions l\u00e9gales"}]},{"@type":"WebSite","@id":"https:\/\/www.agecso.com\/wp\/#website","url":"https:\/\/www.agecso.com\/wp\/","name":"AGeCSO","description":"Association pour la gestion des connaissances dans la soci\u00e9t\u00e9 et les organisations","potentialAction":[{"@type":"SearchAction","target":{"@type":"EntryPoint","urlTemplate":"https:\/\/www.agecso.com\/wp\/?s={search_term_string}"},"query-input":"required name=search_term_string"}],"inLanguage":"fr-FR"}]}},"_links":{"self":[{"href":"https:\/\/www.agecso.com\/wp\/wp-json\/wp\/v2\/pages\/2284"}],"collection":[{"href":"https:\/\/www.agecso.com\/wp\/wp-json\/wp\/v2\/pages"}],"about":[{"href":"https:\/\/www.agecso.com\/wp\/wp-json\/wp\/v2\/types\/page"}],"author":[{"embeddable":true,"href":"https:\/\/www.agecso.com\/wp\/wp-json\/wp\/v2\/users\/372"}],"replies":[{"embeddable":true,"href":"https:\/\/www.agecso.com\/wp\/wp-json\/wp\/v2\/comments?post=2284"}],"version-history":[{"count":3,"href":"https:\/\/www.agecso.com\/wp\/wp-json\/wp\/v2\/pages\/2284\/revisions"}],"predecessor-version":[{"id":2398,"href":"https:\/\/www.agecso.com\/wp\/wp-json\/wp\/v2\/pages\/2284\/revisions\/2398"}],"wp:attachment":[{"href":"https:\/\/www.agecso.com\/wp\/wp-json\/wp\/v2\/media?parent=2284"}],"curies":[{"name":"wp","href":"https:\/\/api.w.org\/{rel}","templated":true}]}}