{"id":1507,"date":"2021-11-25T17:55:24","date_gmt":"2021-11-25T16:55:24","guid":{"rendered":"https:\/\/www.agecso.com\/wp\/?page_id=1507"},"modified":"2025-06-10T13:23:45","modified_gmt":"2025-06-10T12:23:45","slug":"gecso2022","status":"publish","type":"page","link":"https:\/\/www.agecso.com\/wp\/conferences\/gecso2022\/","title":{"rendered":"15e colloque international de l&rsquo;AGECSO 2022"},"content":{"rendered":"<div class=\"fusion-fullwidth fullwidth-box fusion-builder-row-1 fusion-flex-container has-pattern-background has-mask-background nonhundred-percent-fullwidth non-hundred-percent-height-scrolling\" style=\"--awb-border-radius-top-left:0px;--awb-border-radius-top-right:0px;--awb-border-radius-bottom-right:0px;--awb-border-radius-bottom-left:0px;--awb-flex-wrap:wrap;\" ><div class=\"fusion-builder-row fusion-row fusion-flex-align-items-flex-start fusion-flex-content-wrap\" style=\"max-width:1248px;margin-left: calc(-4% \/ 2 );margin-right: calc(-4% \/ 2 );\"><div class=\"fusion-layout-column fusion_builder_column fusion-builder-column-0 fusion_builder_column_1_1 1_1 fusion-flex-column\" style=\"--awb-bg-size:cover;--awb-width-large:100%;--awb-margin-top-large:0px;--awb-spacing-right-large:1.92%;--awb-margin-bottom-large:20px;--awb-spacing-left-large:1.92%;--awb-width-medium:100%;--awb-order-medium:0;--awb-spacing-right-medium:1.92%;--awb-spacing-left-medium:1.92%;--awb-width-small:100%;--awb-order-small:0;--awb-spacing-right-small:1.92%;--awb-spacing-left-small:1.92%;\"><div class=\"fusion-column-wrapper fusion-column-has-shadow fusion-flex-justify-content-flex-start fusion-content-layout-column\"><div style=\"text-align:center;\"><a class=\"fusion-button button-flat button-xlarge button-default fusion-button-default button-1 fusion-button-default-span fusion-button-default-type\" target=\"_blank\" rel=\"noopener noreferrer\" href=\"https:\/\/www.agecso.com\/wp\/wp-content\/uploads\/2022\/06\/Programme-XVe\u0300me-Colloque-AGeCSO.pdf\"><span class=\"fusion-button-text\">T\u00e9l\u00e9charger l&rsquo;appel \u00e0 communication<\/span><\/a><\/div><\/div><\/div><\/div><\/div>\n","protected":false},"excerpt":{"rendered":"","protected":false},"author":1,"featured_media":0,"parent":45,"menu_order":0,"comment_status":"closed","ping_status":"closed","template":"","meta":{"footnotes":""},"yoast_head":"<!-- This site is optimized with the Yoast SEO plugin v21.5 - https:\/\/yoast.com\/wordpress\/plugins\/seo\/ -->\n<title>15e colloque international de l&#039;AGECSO 2022 - AGeCSO<\/title>\n<meta name=\"robots\" content=\"index, follow, max-snippet:-1, max-image-preview:large, max-video-preview:-1\" \/>\n<link rel=\"canonical\" href=\"https:\/\/www.agecso.com\/wp\/conferences\/gecso2022\/\" \/>\n<meta property=\"og:locale\" content=\"fr_FR\" \/>\n<meta property=\"og:type\" content=\"article\" \/>\n<meta property=\"og:title\" content=\"15e colloque international de l&#039;AGECSO 2022 - AGeCSO\" \/>\n<meta property=\"og:url\" content=\"https:\/\/www.agecso.com\/wp\/conferences\/gecso2022\/\" \/>\n<meta property=\"og:site_name\" content=\"AGeCSO\" \/>\n<meta property=\"article:modified_time\" content=\"2025-06-10T12:23:45+00:00\" \/>\n<meta name=\"twitter:card\" content=\"summary_large_image\" \/>\n<meta name=\"twitter:label1\" content=\"Dur\u00e9e de lecture estim\u00e9e\" \/>\n\t<meta name=\"twitter:data1\" content=\"2 minutes\" \/>\n<script type=\"application\/ld+json\" class=\"yoast-schema-graph\">{\"@context\":\"https:\/\/schema.org\",\"@graph\":[{\"@type\":\"WebPage\",\"@id\":\"https:\/\/www.agecso.com\/wp\/conferences\/gecso2022\/\",\"url\":\"https:\/\/www.agecso.com\/wp\/conferences\/gecso2022\/\",\"name\":\"15e colloque international de l'AGECSO 2022 - AGeCSO\",\"isPartOf\":{\"@id\":\"https:\/\/www.agecso.com\/wp\/#website\"},\"datePublished\":\"2021-11-25T16:55:24+00:00\",\"dateModified\":\"2025-06-10T12:23:45+00:00\",\"breadcrumb\":{\"@id\":\"https:\/\/www.agecso.com\/wp\/conferences\/gecso2022\/#breadcrumb\"},\"inLanguage\":\"fr-FR\",\"potentialAction\":[{\"@type\":\"ReadAction\",\"target\":[\"https:\/\/www.agecso.com\/wp\/conferences\/gecso2022\/\"]}]},{\"@type\":\"BreadcrumbList\",\"@id\":\"https:\/\/www.agecso.com\/wp\/conferences\/gecso2022\/#breadcrumb\",\"itemListElement\":[{\"@type\":\"ListItem\",\"position\":1,\"name\":\"Accueil\",\"item\":\"https:\/\/www.agecso.com\/wp\/\"},{\"@type\":\"ListItem\",\"position\":2,\"name\":\"Conf\u00e9rences\",\"item\":\"https:\/\/www.agecso.com\/wp\/conferences\/\"},{\"@type\":\"ListItem\",\"position\":3,\"name\":\"15e colloque international de l&rsquo;AGECSO 2022\"}]},{\"@type\":\"WebSite\",\"@id\":\"https:\/\/www.agecso.com\/wp\/#website\",\"url\":\"https:\/\/www.agecso.com\/wp\/\",\"name\":\"AGeCSO\",\"description\":\"Association pour la gestion des connaissances dans la soci\u00e9t\u00e9 et les organisations\",\"potentialAction\":[{\"@type\":\"SearchAction\",\"target\":{\"@type\":\"EntryPoint\",\"urlTemplate\":\"https:\/\/www.agecso.com\/wp\/?s={search_term_string}\"},\"query-input\":\"required name=search_term_string\"}],\"inLanguage\":\"fr-FR\"}]}<\/script>\n<!-- \/ Yoast SEO plugin. -->","yoast_head_json":{"title":"15e colloque international de l'AGECSO 2022 - AGeCSO","robots":{"index":"index","follow":"follow","max-snippet":"max-snippet:-1","max-image-preview":"max-image-preview:large","max-video-preview":"max-video-preview:-1"},"canonical":"https:\/\/www.agecso.com\/wp\/conferences\/gecso2022\/","og_locale":"fr_FR","og_type":"article","og_title":"15e colloque international de l'AGECSO 2022 - AGeCSO","og_url":"https:\/\/www.agecso.com\/wp\/conferences\/gecso2022\/","og_site_name":"AGeCSO","article_modified_time":"2025-06-10T12:23:45+00:00","twitter_card":"summary_large_image","twitter_misc":{"Dur\u00e9e de lecture estim\u00e9e":"2 minutes"},"schema":{"@context":"https:\/\/schema.org","@graph":[{"@type":"WebPage","@id":"https:\/\/www.agecso.com\/wp\/conferences\/gecso2022\/","url":"https:\/\/www.agecso.com\/wp\/conferences\/gecso2022\/","name":"15e colloque international de l'AGECSO 2022 - AGeCSO","isPartOf":{"@id":"https:\/\/www.agecso.com\/wp\/#website"},"datePublished":"2021-11-25T16:55:24+00:00","dateModified":"2025-06-10T12:23:45+00:00","breadcrumb":{"@id":"https:\/\/www.agecso.com\/wp\/conferences\/gecso2022\/#breadcrumb"},"inLanguage":"fr-FR","potentialAction":[{"@type":"ReadAction","target":["https:\/\/www.agecso.com\/wp\/conferences\/gecso2022\/"]}]},{"@type":"BreadcrumbList","@id":"https:\/\/www.agecso.com\/wp\/conferences\/gecso2022\/#breadcrumb","itemListElement":[{"@type":"ListItem","position":1,"name":"Accueil","item":"https:\/\/www.agecso.com\/wp\/"},{"@type":"ListItem","position":2,"name":"Conf\u00e9rences","item":"https:\/\/www.agecso.com\/wp\/conferences\/"},{"@type":"ListItem","position":3,"name":"15e colloque international de l&rsquo;AGECSO 2022"}]},{"@type":"WebSite","@id":"https:\/\/www.agecso.com\/wp\/#website","url":"https:\/\/www.agecso.com\/wp\/","name":"AGeCSO","description":"Association pour la gestion des connaissances dans la soci\u00e9t\u00e9 et les organisations","potentialAction":[{"@type":"SearchAction","target":{"@type":"EntryPoint","urlTemplate":"https:\/\/www.agecso.com\/wp\/?s={search_term_string}"},"query-input":"required name=search_term_string"}],"inLanguage":"fr-FR"}]}},"_links":{"self":[{"href":"https:\/\/www.agecso.com\/wp\/wp-json\/wp\/v2\/pages\/1507"}],"collection":[{"href":"https:\/\/www.agecso.com\/wp\/wp-json\/wp\/v2\/pages"}],"about":[{"href":"https:\/\/www.agecso.com\/wp\/wp-json\/wp\/v2\/types\/page"}],"author":[{"embeddable":true,"href":"https:\/\/www.agecso.com\/wp\/wp-json\/wp\/v2\/users\/1"}],"replies":[{"embeddable":true,"href":"https:\/\/www.agecso.com\/wp\/wp-json\/wp\/v2\/comments?post=1507"}],"version-history":[{"count":15,"href":"https:\/\/www.agecso.com\/wp\/wp-json\/wp\/v2\/pages\/1507\/revisions"}],"predecessor-version":[{"id":2386,"href":"https:\/\/www.agecso.com\/wp\/wp-json\/wp\/v2\/pages\/1507\/revisions\/2386"}],"up":[{"embeddable":true,"href":"https:\/\/www.agecso.com\/wp\/wp-json\/wp\/v2\/pages\/45"}],"wp:attachment":[{"href":"https:\/\/www.agecso.com\/wp\/wp-json\/wp\/v2\/media?parent=1507"}],"curies":[{"name":"wp","href":"https:\/\/api.w.org\/{rel}","templated":true}]}}