{"id":11,"date":"2013-06-08T12:08:56","date_gmt":"2013-06-08T11:08:56","guid":{"rendered":"http:\/\/www.agecso.com\/wp\/?page_id=11"},"modified":"2013-06-10T16:06:04","modified_gmt":"2013-06-10T15:06:04","slug":"membres","status":"publish","type":"page","link":"https:\/\/www.agecso.com\/wp\/conferences\/membres\/","title":{"rendered":"GeCSO 2008"},"content":{"rendered":"<p>1\u00e8re Conf\u00e9rence Francophone<\/p>\n<h1><strong>Gestion des Connaissances, Soci\u00e9t\u00e9 et Organisations<\/strong><\/h1>\n<p>\u00c0 Troyes<\/p>\n<p>Les actes de la conf\u00e9rence ont \u00e9t\u00e9 publi\u00e9s par la revue ISDM et sont disponibles en ligne pour les membres:<\/p>\n<p>[wpfilebase tag=browser id=1 \/]<\/p>\n","protected":false},"excerpt":{"rendered":"<p>1\u00e8re Conf\u00e9rence Francophone Gestion des Connaissances, Soci\u00e9t\u00e9 et Organisations \u00c0 [&hellip;]<\/p>\n","protected":false},"author":1,"featured_media":0,"parent":45,"menu_order":0,"comment_status":"closed","ping_status":"closed","template":"","meta":{"footnotes":""},"yoast_head":"<!-- This site is optimized with the Yoast SEO plugin v21.5 - https:\/\/yoast.com\/wordpress\/plugins\/seo\/ -->\n<title>GeCSO 2008 - AGeCSO<\/title>\n<meta name=\"robots\" content=\"index, follow, max-snippet:-1, max-image-preview:large, max-video-preview:-1\" \/>\n<link rel=\"canonical\" href=\"https:\/\/www.agecso.com\/wp\/conferences\/membres\/\" \/>\n<meta property=\"og:locale\" content=\"fr_FR\" \/>\n<meta property=\"og:type\" content=\"article\" \/>\n<meta property=\"og:title\" content=\"GeCSO 2008 - AGeCSO\" \/>\n<meta property=\"og:description\" content=\"1\u00e8re Conf\u00e9rence Francophone Gestion des Connaissances, Soci\u00e9t\u00e9 et Organisations \u00c0 [&hellip;]\" \/>\n<meta property=\"og:url\" content=\"https:\/\/www.agecso.com\/wp\/conferences\/membres\/\" \/>\n<meta property=\"og:site_name\" content=\"AGeCSO\" \/>\n<meta property=\"article:modified_time\" content=\"2013-06-10T15:06:04+00:00\" \/>\n<meta name=\"twitter:card\" content=\"summary_large_image\" \/>\n<script type=\"application\/ld+json\" class=\"yoast-schema-graph\">{\"@context\":\"https:\/\/schema.org\",\"@graph\":[{\"@type\":\"WebPage\",\"@id\":\"https:\/\/www.agecso.com\/wp\/conferences\/membres\/\",\"url\":\"https:\/\/www.agecso.com\/wp\/conferences\/membres\/\",\"name\":\"GeCSO 2008 - AGeCSO\",\"isPartOf\":{\"@id\":\"https:\/\/www.agecso.com\/wp\/#website\"},\"datePublished\":\"2013-06-08T11:08:56+00:00\",\"dateModified\":\"2013-06-10T15:06:04+00:00\",\"breadcrumb\":{\"@id\":\"https:\/\/www.agecso.com\/wp\/conferences\/membres\/#breadcrumb\"},\"inLanguage\":\"fr-FR\",\"potentialAction\":[{\"@type\":\"ReadAction\",\"target\":[\"https:\/\/www.agecso.com\/wp\/conferences\/membres\/\"]}]},{\"@type\":\"BreadcrumbList\",\"@id\":\"https:\/\/www.agecso.com\/wp\/conferences\/membres\/#breadcrumb\",\"itemListElement\":[{\"@type\":\"ListItem\",\"position\":1,\"name\":\"Accueil\",\"item\":\"https:\/\/www.agecso.com\/wp\/\"},{\"@type\":\"ListItem\",\"position\":2,\"name\":\"Conf\u00e9rences\",\"item\":\"https:\/\/www.agecso.com\/wp\/conferences\/\"},{\"@type\":\"ListItem\",\"position\":3,\"name\":\"GeCSO 2008\"}]},{\"@type\":\"WebSite\",\"@id\":\"https:\/\/www.agecso.com\/wp\/#website\",\"url\":\"https:\/\/www.agecso.com\/wp\/\",\"name\":\"AGeCSO\",\"description\":\"Association pour la gestion des connaissances dans la soci\u00e9t\u00e9 et les organisations\",\"potentialAction\":[{\"@type\":\"SearchAction\",\"target\":{\"@type\":\"EntryPoint\",\"urlTemplate\":\"https:\/\/www.agecso.com\/wp\/?s={search_term_string}\"},\"query-input\":\"required name=search_term_string\"}],\"inLanguage\":\"fr-FR\"}]}<\/script>\n<!-- \/ Yoast SEO plugin. -->","yoast_head_json":{"title":"GeCSO 2008 - AGeCSO","robots":{"index":"index","follow":"follow","max-snippet":"max-snippet:-1","max-image-preview":"max-image-preview:large","max-video-preview":"max-video-preview:-1"},"canonical":"https:\/\/www.agecso.com\/wp\/conferences\/membres\/","og_locale":"fr_FR","og_type":"article","og_title":"GeCSO 2008 - AGeCSO","og_description":"1\u00e8re Conf\u00e9rence Francophone Gestion des Connaissances, Soci\u00e9t\u00e9 et Organisations \u00c0 [&hellip;]","og_url":"https:\/\/www.agecso.com\/wp\/conferences\/membres\/","og_site_name":"AGeCSO","article_modified_time":"2013-06-10T15:06:04+00:00","twitter_card":"summary_large_image","schema":{"@context":"https:\/\/schema.org","@graph":[{"@type":"WebPage","@id":"https:\/\/www.agecso.com\/wp\/conferences\/membres\/","url":"https:\/\/www.agecso.com\/wp\/conferences\/membres\/","name":"GeCSO 2008 - AGeCSO","isPartOf":{"@id":"https:\/\/www.agecso.com\/wp\/#website"},"datePublished":"2013-06-08T11:08:56+00:00","dateModified":"2013-06-10T15:06:04+00:00","breadcrumb":{"@id":"https:\/\/www.agecso.com\/wp\/conferences\/membres\/#breadcrumb"},"inLanguage":"fr-FR","potentialAction":[{"@type":"ReadAction","target":["https:\/\/www.agecso.com\/wp\/conferences\/membres\/"]}]},{"@type":"BreadcrumbList","@id":"https:\/\/www.agecso.com\/wp\/conferences\/membres\/#breadcrumb","itemListElement":[{"@type":"ListItem","position":1,"name":"Accueil","item":"https:\/\/www.agecso.com\/wp\/"},{"@type":"ListItem","position":2,"name":"Conf\u00e9rences","item":"https:\/\/www.agecso.com\/wp\/conferences\/"},{"@type":"ListItem","position":3,"name":"GeCSO 2008"}]},{"@type":"WebSite","@id":"https:\/\/www.agecso.com\/wp\/#website","url":"https:\/\/www.agecso.com\/wp\/","name":"AGeCSO","description":"Association pour la gestion des connaissances dans la soci\u00e9t\u00e9 et les organisations","potentialAction":[{"@type":"SearchAction","target":{"@type":"EntryPoint","urlTemplate":"https:\/\/www.agecso.com\/wp\/?s={search_term_string}"},"query-input":"required name=search_term_string"}],"inLanguage":"fr-FR"}]}},"_links":{"self":[{"href":"https:\/\/www.agecso.com\/wp\/wp-json\/wp\/v2\/pages\/11"}],"collection":[{"href":"https:\/\/www.agecso.com\/wp\/wp-json\/wp\/v2\/pages"}],"about":[{"href":"https:\/\/www.agecso.com\/wp\/wp-json\/wp\/v2\/types\/page"}],"author":[{"embeddable":true,"href":"https:\/\/www.agecso.com\/wp\/wp-json\/wp\/v2\/users\/1"}],"replies":[{"embeddable":true,"href":"https:\/\/www.agecso.com\/wp\/wp-json\/wp\/v2\/comments?post=11"}],"version-history":[{"count":12,"href":"https:\/\/www.agecso.com\/wp\/wp-json\/wp\/v2\/pages\/11\/revisions"}],"predecessor-version":[{"id":391,"href":"https:\/\/www.agecso.com\/wp\/wp-json\/wp\/v2\/pages\/11\/revisions\/391"}],"up":[{"embeddable":true,"href":"https:\/\/www.agecso.com\/wp\/wp-json\/wp\/v2\/pages\/45"}],"wp:attachment":[{"href":"https:\/\/www.agecso.com\/wp\/wp-json\/wp\/v2\/media?parent=11"}],"curies":[{"name":"wp","href":"https:\/\/api.w.org\/{rel}","templated":true}]}}